{"id":681,"date":"2022-07-02T05:28:59","date_gmt":"2022-07-02T05:28:59","guid":{"rendered":"https:\/\/startersites.io\/elementor\/floreo\/?page_id=681"},"modified":"2025-09-10T21:55:51","modified_gmt":"2025-09-10T19:55:51","slug":"about-us","status":"publish","type":"page","link":"https:\/\/wpd-drcongo.org\/en\/about-us\/","title":{"rendered":"About Us"},"content":{"rendered":"<div data-elementor-type=\"wp-page\" data-elementor-id=\"681\" class=\"elementor elementor-681\">\n\t\t\t\t<div class=\"elementor-element elementor-element-da2f1b1 e-flex e-con-boxed e-con e-parent\" data-id=\"da2f1b1\" data-element_type=\"container\" data-settings=\"{&quot;background_background&quot;:&quot;classic&quot;}\">\n\t\t\t\t\t<div class=\"e-con-inner\">\n\t\t\t\t<div class=\"elementor-element elementor-element-3fedb34 elementor-widget elementor-widget-heading\" data-id=\"3fedb34\" data-element_type=\"widget\" data-widget_type=\"heading.default\">\n\t\t\t\t\t<h2 class=\"elementor-heading-title elementor-size-default\">About Us<\/h2>\t\t\t\t<\/div>\n\t\t\t\t<div class=\"elementor-element elementor-element-6859034 elementor-widget elementor-widget-heading\" data-id=\"6859034\" data-element_type=\"widget\" data-widget_type=\"heading.default\">\n\t\t\t\t\t<h3 class=\"elementor-heading-title elementor-size-default\">Together, let's build a future where peace, dignity, and sustainability reign.<\/h3>\t\t\t\t<\/div>\n\t\t\t\t\t<\/div>\n\t\t\t\t<\/div>\n\t\t<div class=\"elementor-element elementor-element-49a7938 e-con-full e-flex e-con e-parent\" data-id=\"49a7938\" data-element_type=\"container\">\n\t\t<div class=\"elementor-element elementor-element-713c4d5 e-con-full e-flex e-con e-child\" data-id=\"713c4d5\" data-element_type=\"container\" data-settings=\"{&quot;background_background&quot;:&quot;classic&quot;}\">\n\t\t\t\t<\/div>\n\t\t<div class=\"elementor-element elementor-element-61b57e6 e-con-full e-flex e-con e-child\" data-id=\"61b57e6\" data-element_type=\"container\" data-settings=\"{&quot;background_background&quot;:&quot;classic&quot;}\">\n\t\t\t\t<div class=\"elementor-element elementor-element-0ab3ed4 elementor-widget elementor-widget-heading\" data-id=\"0ab3ed4\" data-element_type=\"widget\" data-widget_type=\"heading.default\">\n\t\t\t\t\t<h2 class=\"elementor-heading-title elementor-size-default\">Who are we?<\/h2>\t\t\t\t<\/div>\n\t\t\t\t<div class=\"elementor-element elementor-element-488c354 elementor-widget elementor-widget-text-editor\" data-id=\"488c354\" data-element_type=\"widget\" data-widget_type=\"text-editor.default\">\n\t\t\t\t\t\t\t\t\t<p>We are a nonprofit organization committed to building a more just, inclusive, and sustainable world. Believing that every individual deserves to live in dignity and peace, we work with local communities to address their needs, build their capacity, and promote sustainable solutions.<\/p>\t\t\t\t\t\t\t\t<\/div>\n\t\t\t\t<div class=\"elementor-element elementor-element-1d2e3e4 elementor-widget elementor-widget-text-editor\" data-id=\"1d2e3e4\" data-element_type=\"widget\" data-widget_type=\"text-editor.default\">\n\t\t\t\t\t\t\t\t\t<p><strong data-start=\"243\" data-end=\"283\">Wings of Peace for Development (WPD)<\/strong><\/p>\t\t\t\t\t\t\t\t<\/div>\n\t\t\t\t<\/div>\n\t\t\t\t<\/div>\n\t\t<div class=\"elementor-element elementor-element-d2c997e e-con-full e-flex e-con e-parent\" data-id=\"d2c997e\" data-element_type=\"container\">\n\t\t<div class=\"elementor-element elementor-element-0f9ebc6 e-con-full e-flex e-con e-child\" data-id=\"0f9ebc6\" data-element_type=\"container\">\n\t\t<div class=\"elementor-element elementor-element-920e64d e-con-full e-flex e-con e-child\" data-id=\"920e64d\" data-element_type=\"container\">\n\t\t\t\t<div class=\"elementor-element elementor-element-24afc17 elementor-widget elementor-widget-text-editor\" data-id=\"24afc17\" data-element_type=\"widget\" data-widget_type=\"text-editor.default\">\n\t\t\t\t\t\t\t\t\t<h2>Our Vision<\/h2><p>Wings of Peace for Development dreams of a just, inclusive, and sustainable world, where every individual, especially the most vulnerable, lives in dignity, peace, and harmony with their environment.<\/p><p>We aspire to build resilient, equitable, and peaceful societies based on education, social justice, good governance, and responsible management of natural resources, where human rights are respected, conflicts are resolved without violence, and where women, youth, indigenous peoples, and all marginalized communities participate fully in the sustainable development of their territories.<\/p><h3 data-start=\"1182\" data-end=\"1365\"><strong data-start=\"1182\" data-end=\"1198\">Our Mission<\/strong><\/h3><p>Wings of Peace for Development is a nonprofit organization committed to promoting peace, social justice, and sustainable development through concrete, inclusive, and participatory actions. Its mission is to strengthen the capacity of communities, particularly marginalized groups, to build an equitable and resilient future.<\/p><p>To achieve this, the organization is active in the areas of peace education, community health, environmental protection, food security, peaceful conflict resolution, democratic governance, and the promotion of human rights and gender equality.<\/p><p>It also works to protect indigenous peoples, empower women and young people, combat sexual violence, and support local research into innovative and sustainable solutions.<\/p><h3 data-start=\"1857\" data-end=\"1884\">Our Motto<\/h3><p><strong><em>\u201cPeace and justice for a sustainable future\u201d <\/em><\/strong><\/p>\t\t\t\t\t\t\t\t<\/div>\n\t\t\t\t<\/div>\n\t\t<div class=\"elementor-element elementor-element-90d56e4 e-con-full e-flex e-con e-child\" data-id=\"90d56e4\" data-element_type=\"container\" data-settings=\"{&quot;background_background&quot;:&quot;slideshow&quot;,&quot;background_slideshow_gallery&quot;:[{&quot;id&quot;:1269,&quot;url&quot;:&quot;https:\\\/\\\/wpd-drcongo.org\\\/wp-content\\\/uploads\\\/2025\\\/09\\\/PXL_20241108_094827034.PORTRAIT-scaled.jpg&quot;},{&quot;id&quot;:1186,&quot;url&quot;:&quot;https:\\\/\\\/wpd-drcongo.org\\\/wp-content\\\/uploads\\\/2025\\\/09\\\/IMG_20221005_114142_058_transcpr-scaled.jpg&quot;},{&quot;id&quot;:1190,&quot;url&quot;:&quot;https:\\\/\\\/wpd-drcongo.org\\\/wp-content\\\/uploads\\\/2025\\\/09\\\/PXL_20231204_090137511.PORTRAIT-1-scaled.jpg&quot;},{&quot;id&quot;:1193,&quot;url&quot;:&quot;https:\\\/\\\/wpd-drcongo.org\\\/wp-content\\\/uploads\\\/2025\\\/09\\\/20241003_110233-scaled.jpg&quot;},{&quot;id&quot;:1274,&quot;url&quot;:&quot;https:\\\/\\\/wpd-drcongo.org\\\/wp-content\\\/uploads\\\/2025\\\/09\\\/IMG-20250611-WA0067.jpg&quot;},{&quot;id&quot;:1187,&quot;url&quot;:&quot;https:\\\/\\\/wpd-drcongo.org\\\/wp-content\\\/uploads\\\/2025\\\/09\\\/IMG-20220917-WA0014.jpg&quot;},{&quot;id&quot;:1209,&quot;url&quot;:&quot;https:\\\/\\\/wpd-drcongo.org\\\/wp-content\\\/uploads\\\/2025\\\/09\\\/PXL_20241010_111813719-scaled.jpg&quot;},{&quot;id&quot;:1201,&quot;url&quot;:&quot;https:\\\/\\\/wpd-drcongo.org\\\/wp-content\\\/uploads\\\/2025\\\/09\\\/IMG_20220418_095800_819-scaled.jpg&quot;},{&quot;id&quot;:1196,&quot;url&quot;:&quot;https:\\\/\\\/wpd-drcongo.org\\\/wp-content\\\/uploads\\\/2025\\\/09\\\/IMG-20250903-WA0080.jpg&quot;},{&quot;id&quot;:1271,&quot;url&quot;:&quot;https:\\\/\\\/wpd-drcongo.org\\\/wp-content\\\/uploads\\\/2025\\\/09\\\/IMG_20220308_091155_576-1-scaled.jpg&quot;}],&quot;background_slideshow_loop&quot;:&quot;yes&quot;,&quot;background_slideshow_slide_duration&quot;:5000,&quot;background_slideshow_slide_transition&quot;:&quot;fade&quot;,&quot;background_slideshow_transition_duration&quot;:500}\">\n\t\t\t\t<\/div>\n\t\t\t\t<\/div>\n\t\t\t\t<\/div>\n\t\t<div class=\"elementor-element elementor-element-45f1e7d e-con-full e-flex e-con e-parent\" data-id=\"45f1e7d\" data-element_type=\"container\">\n\t\t<div class=\"elementor-element elementor-element-1cdb916 e-con-full e-flex e-con e-child\" data-id=\"1cdb916\" data-element_type=\"container\">\n\t\t<div class=\"elementor-element elementor-element-94dc53b e-con-full e-flex e-con e-child\" data-id=\"94dc53b\" data-element_type=\"container\" data-settings=\"{&quot;background_background&quot;:&quot;slideshow&quot;,&quot;background_slideshow_gallery&quot;:[{&quot;id&quot;:1383,&quot;url&quot;:&quot;https:\\\/\\\/wpd-drcongo.org\\\/wp-content\\\/uploads\\\/2025\\\/09\\\/IMG-20241029-WA0091.jpg&quot;}],&quot;background_slideshow_loop&quot;:&quot;yes&quot;,&quot;background_slideshow_slide_duration&quot;:5000,&quot;background_slideshow_slide_transition&quot;:&quot;fade&quot;,&quot;background_slideshow_transition_duration&quot;:500}\">\n\t\t\t\t<\/div>\n\t\t<div class=\"elementor-element elementor-element-6f10f66 e-con-full e-flex e-con e-child\" data-id=\"6f10f66\" data-element_type=\"container\">\n\t\t\t\t<div class=\"elementor-element elementor-element-217a6aa elementor-widget elementor-widget-text-editor\" data-id=\"217a6aa\" data-element_type=\"widget\" data-widget_type=\"text-editor.default\">\n\t\t\t\t\t\t\t\t\t<h2>Our Objectives<\/h2><p>Wings of Peace for Development is a non-profit organization actively engaged in promoting sustainable development. Convinced of the importance of the Sustainable Development Goals (SDGs) adopted by the United Nations, it places their implementation at the heart of its actions and mission.<\/p><p>With this in mind, Wings of Peace for Development pursues a set of concrete objectives aimed at contributing effectively to the achievement of the SDGs through targeted, inclusive, and sustainable initiatives tailored to the needs of local communities.<\/p><p>The organization pays particular attention to several priority areas, including:<\/p><ul><li>Education and peace education<\/li><li>The health and well-being of populations<\/li><li>The environment, including ecosystem protection and sustainable waste management<\/li><li>Peaceful conflict resolution<\/li><li>Food security and sustainable agriculture, including agro-pastoral development<\/li><li>Promoting human rights, equity, social inclusion, and gender equality<\/li><li>Good governance and strengthening the rule of law<\/li><li>Responsible management of natural resources<\/li><li>Protection of the rights of indigenous peoples, particularly Pygmy communities<\/li><li>Combating sexual violence, including rape, and supporting survivors<\/li><li>Supporting young people, empowering women, and promoting female entrepreneurship<\/li><li>The development of research to deliver local and sustainable solutions.<\/li><\/ul>\t\t\t\t\t\t\t\t<\/div>\n\t\t\t\t<\/div>\n\t\t\t\t<\/div>\n\t\t\t\t<\/div>\n\t\t<div class=\"elementor-element elementor-element-b835329 e-flex e-con-boxed e-con e-parent\" data-id=\"b835329\" data-element_type=\"container\" data-settings=\"{&quot;background_background&quot;:&quot;classic&quot;}\">\n\t\t\t\t\t<div class=\"e-con-inner\">\n\t\t\t\t<div class=\"elementor-element elementor-element-931d7ec elementor-widget__width-initial elementor-widget-mobile__width-inherit elementor-widget elementor-widget-heading\" data-id=\"931d7ec\" data-element_type=\"widget\" data-widget_type=\"heading.default\">\n\t\t\t\t\t<h2 class=\"elementor-heading-title elementor-size-default\">Our values<\/h2>\t\t\t\t<\/div>\n\t\t\t\t<div class=\"elementor-element elementor-element-45f87a9 elementor-widget elementor-widget-text-editor\" data-id=\"45f87a9\" data-element_type=\"widget\" data-widget_type=\"text-editor.default\">\n\t\t\t\t\t\t\t\t\t<p><strong>\u201cDignity \u2013 Justice \u2013 Peace \u2013 Sustainability\u201d<\/strong><\/p>\t\t\t\t\t\t\t\t<\/div>\n\t\t\t\t\t<\/div>\n\t\t\t\t<\/div>\n\t\t<div class=\"elementor-element elementor-element-06a9908 e-con-full e-flex e-con e-parent\" data-id=\"06a9908\" data-element_type=\"container\">\n\t\t\t\t<div class=\"elementor-element elementor-element-048f043 elementor-widget elementor-widget-eael-image-accordion\" data-id=\"048f043\" data-element_type=\"widget\" data-widget_type=\"eael-image-accordion.default\">\n\t\t\t\t\t    <div class=\"eael-img-accordion accordion-direction-horizontal eael-img-accordion-horizontal-align-center eael-img-accordion-vertical-align-center\" id=\"eael-img-accordion-048f043\" data-img-accordion-id=\"048f043\" data-img-accordion-type=\"on-hover\">\n                    \n            <div class=\"eael-image-accordion-hover eael-image-accordion-item\" style=\"background-image: url(https:\/\/wpd-drcongo.org\/wp-content\/uploads\/2025\/09\/20241003_110233-scaled.jpg);\"  tabindex=\"0\">\n                <div class=\"overlay\">\n                                        <div class=\"overlay-inner\">\n                        <h2 class=\"img-accordion-title\">Dignity<\/h2>                            <p><p>Wings of Peace for Development advocates for respect for human rights, equality, inclusion, and protection of vulnerable people.<\/p><\/p>\n                                            <\/div>\n                <\/div>\n            <\/div>\n                    \n            <div class=\"eael-image-accordion-hover eael-image-accordion-item\" style=\"background-image: url(https:\/\/wpd-drcongo.org\/wp-content\/uploads\/2025\/09\/PXL_20230412_115246653.MP-2-scaled.jpg);\"  tabindex=\"0\">\n                <div class=\"overlay\">\n                                        <div class=\"overlay-inner\">\n                        <h2 class=\"img-accordion-title\">Justice <\/h2>                            <p><p>WPD focuses its activities on social equity, peacebuilding, the promotion of good governance, and respect for the rule of law.<\/p><\/p>\n                                            <\/div>\n                <\/div>\n            <\/div>\n                    \n            <div class=\"eael-image-accordion-hover eael-image-accordion-item\" style=\"background-image: url(https:\/\/wpd-drcongo.org\/wp-content\/uploads\/2025\/09\/Screenshot_20241105-181551-1.png);\"  tabindex=\"0\">\n                <div class=\"overlay\">\n                                        <div class=\"overlay-inner\">\n                        <h2 class=\"img-accordion-title\">Peace<\/h2>                            <p><p>WPD actively campaigns for nonviolent conflict resolution, fosters social cohesion within communities, and promotes peace education accessible to all.<\/p><\/p>\n                                            <\/div>\n                <\/div>\n            <\/div>\n                    \n            <div class=\"eael-image-accordion-hover eael-image-accordion-item\" style=\"background-image: url(https:\/\/wpd-drcongo.org\/wp-content\/uploads\/2025\/09\/IMG-20230410-WA0028.jpg);\"  tabindex=\"0\">\n                <div class=\"overlay\">\n                                        <div class=\"overlay-inner\">\n                        <h2 class=\"img-accordion-title\">Sustainability<\/h2>                            <p><p>WPD is actively committed to environmental protection, food security, community health, and sustainable development for the benefit of local populations.<\/p><\/p>\n                                            <\/div>\n                <\/div>\n            <\/div>\n                <\/div>\n        <style typr=\"text\/css\">\n                    #eael-img-accordion-048f043 .eael-image-accordion-hover:hover {\n                        flex: 3 1 0% !important;\n                    }\n                    #eael-img-accordion-048f043 .eael-image-accordion-hover:hover:hover .overlay-inner * {\n                        opacity: 1;\n                        visibility: visible;\n                        transform: none;\n                        transition: all .3s .3s;\n                    }\n                <\/style>\t\t\t\t<\/div>\n\t\t\t\t<\/div>\n\t\t\t\t<\/div>","protected":false},"excerpt":{"rendered":"<p>\u00c0 propos de nous Ensemble, construisons un avenir o\u00f9 r\u00e8gnent la paix, la dignit\u00e9 et la durabilit\u00e9. Qui sommes-nous ? Nous sommes une organisation \u00e0 but non lucratif engag\u00e9e dans la construction d\u2019un monde plus juste, inclusif et durable. Convaincus que chaque individu m\u00e9rite de vivre dans la dignit\u00e9 et la paix, nous travaillons avec [&hellip;]<\/p>","protected":false},"author":1,"featured_media":0,"parent":0,"menu_order":0,"comment_status":"closed","ping_status":"closed","template":"","meta":{"_eb_attr":"","_gspb_post_css":"","content-type":"","om_disable_all_campaigns":false,"_monsterinsights_skip_tracking":false,"_monsterinsights_sitenote_active":false,"_monsterinsights_sitenote_note":"","_monsterinsights_sitenote_category":0,"jetpack_post_was_ever_published":false,"footnotes":""},"class_list":["post-681","page","type-page","status-publish","hentry"],"blocksy_meta":{"styles_descriptor":{"styles":{"desktop":"","tablet":"","mobile":""},"google_fonts":[],"version":6},"page_title_panel":"","has_hero_section":"disabled","1d15b7934ff424ab25737f2d764de13a":"","hero_section":"type-1","hero_elements":[{"id":"custom_title","enabled":true,"heading_tag":"h1","title":"Home"},{"id":"custom_description","enabled":true,"description_visibility":{"desktop":true,"tablet":true,"mobile":false}},{"id":"custom_meta","enabled":false,"meta_elements":[{"id":"author","enabled":true,"label":"By","has_author_avatar":"yes","avatar_size":25},{"id":"post_date","enabled":true,"label":"On","date_format_source":"default","date_format":"M j, Y"},{"id":"updated_date","enabled":false,"label":"On","date_format_source":"default","date_format":"M j, Y"},{"id":"categories","enabled":false,"label":"In","style":"simple"},{"id":"comments","enabled":true}],"page_meta_elements":{"joined":true,"articles_count":true,"comments":true}},{"id":"breadcrumbs","enabled":false}],"e377139f0e48a4cb5a64798ea8d651b9":"","hero_alignment1":"CT_CSS_SKIP_RULE","hero_margin":40,"hero_alignment2":"center","hero_vertical_alignment":"center","af09189de71c08c18e1cd076aeaad8fe":"","hero_structure":"narrow","4241a204ae10e70836b130f646a7f2d5":"","page_title_bg_type":"featured_image","custom_hero_background":{"attachment_id":null},"page_title_image_size":"full","parallax":{"desktop":false,"tablet":false,"mobile":false},"37c6846e78051bc32791c6958664507d":"","hero_height":"250px","pageTitleFont":{"family":"Default","variation":"Default","size":"30px","line-height":"CT_CSS_SKIP_RULE","letter-spacing":"CT_CSS_SKIP_RULE","text-transform":"CT_CSS_SKIP_RULE","text-decoration":"CT_CSS_SKIP_RULE"},"pageTitleFontColor":{"default":{"color":"CT_CSS_SKIP_RULEDEFAULT"}},"pageMetaFont":{"family":"Default","variation":"n6","size":"12px","line-height":"1.3","letter-spacing":"CT_CSS_SKIP_RULE","text-transform":"uppercase","text-decoration":"CT_CSS_SKIP_RULE"},"pageMetaFontColor":{"default":{"color":"CT_CSS_SKIP_RULEDEFAULT"},"hover":{"color":"CT_CSS_SKIP_RULEDEFAULT"}},"page_meta_button_type_font_colors":{"default":{"color":"CT_CSS_SKIP_RULEDEFAULT"},"hover":{"color":"CT_CSS_SKIP_RULEDEFAULT"}},"page_meta_button_type_background_colors":{"default":{"color":"CT_CSS_SKIP_RULEDEFAULT"},"hover":{"color":"CT_CSS_SKIP_RULEDEFAULT"}},"pageExcerptFont":{"family":"Default","variation":"Default","size":"CT_CSS_SKIP_RULE","line-height":"CT_CSS_SKIP_RULE","letter-spacing":"CT_CSS_SKIP_RULE","text-transform":"CT_CSS_SKIP_RULE","text-decoration":"CT_CSS_SKIP_RULE"},"pageExcerptColor":{"default":{"color":"CT_CSS_SKIP_RULEDEFAULT"}},"breadcrumbsFont":{"family":"Default","variation":"Default","size":"CT_CSS_SKIP_RULE","line-height":"CT_CSS_SKIP_RULE","letter-spacing":"CT_CSS_SKIP_RULE","text-transform":"CT_CSS_SKIP_RULE","text-decoration":"CT_CSS_SKIP_RULE"},"breadcrumbsFontColor":{"default":{"color":"CT_CSS_SKIP_RULEDEFAULT"},"initial":{"color":"CT_CSS_SKIP_RULEDEFAULT"},"hover":{"color":"CT_CSS_SKIP_RULEDEFAULT"}},"pageTitleOverlay":{"background_type":"color","background_pattern":"type-1","background_image":{"attachment_id":null,"x":0,"y":0},"gradient":"linear-gradient(135deg,rgba(6,147,227,1) 0%,rgb(155,81,224) 100%)","background_repeat":"repeat","background_size":"auto","background_attachment":"scroll","patternColor":{"default":{"color":"#e5e7ea"}},"overlayColor":{"default":{"color":"CT_CSS_SKIP_RULE"}},"backgroundColor":{"default":{"color":"CT_CSS_SKIP_RULE"}}},"pageTitleBackground":{"background_type":"color","background_pattern":"type-1","background_image":{"attachment_id":null,"x":0,"y":0},"gradient":"linear-gradient(135deg,rgba(6,147,227,1) 0%,rgb(155,81,224) 100%)","background_repeat":"repeat","background_size":"auto","background_attachment":"scroll","patternColor":{"default":{"color":"#e5e7ea"}},"overlayColor":{"default":{"color":"CT_CSS_SKIP_RULE"}},"backgroundColor":{"default":{"color":"var(--theme-palette-color-6)"}}},"pageTitlePadding":{"top":"50px","bottom":"50px","left":"auto","right":"auto","linked":true},"a8fa859ceafab67cbfce97e380ccc088":"","page_structure_type":"default","2c44625e200027fb7003d1deb510aed8":"","content_style_source":"inherit","content_style":"wide","vertical_spacing_source":"custom","content_area_spacing":"none","background":{"background_type":"color","background_pattern":"type-1","background_image":{"attachment_id":null,"x":0,"y":0},"gradient":"linear-gradient(135deg,rgba(6,147,227,1) 0%,rgb(155,81,224) 100%)","background_repeat":"repeat","background_size":"auto","background_attachment":"scroll","patternColor":{"default":{"color":"#e5e7ea"}},"overlayColor":{"default":{"color":"CT_CSS_SKIP_RULE"}},"backgroundColor":{"default":{"color":"CT_CSS_SKIP_RULE"}}},"content_background":{"background_type":"color","background_pattern":"type-1","background_image":{"attachment_id":null,"x":0,"y":0},"gradient":"linear-gradient(135deg,rgba(6,147,227,1) 0%,rgb(155,81,224) 100%)","background_repeat":"repeat","background_size":"auto","background_attachment":"scroll","patternColor":{"default":{"color":"#e5e7ea"}},"overlayColor":{"default":{"color":"CT_CSS_SKIP_RULE"}},"backgroundColor":{"default":{"color":"var(--theme-palette-color-8)"}}},"content_boxed_shadow":{"inherit":false,"blur":18,"spread":-6,"v_offset":12,"h_offset":0,"inset":false,"enable":true,"color":{"color":"rgba(34, 56, 101, 0.04)"}},"content_boxed_border":{"width":1,"style":"none","color":{"color":"rgba(44,62,80,0.2)"}},"content_boxed_radius":{"top":"3px","bottom":"3px","left":"3px","right":"3px","linked":true},"boxed_content_spacing":{"desktop":{"top":"40px","bottom":"40px","left":"40px","right":"40px","linked":true},"tablet":{"top":"35px","bottom":"35px","left":"35px","right":"35px","linked":true},"mobile":{"top":"20px","bottom":"20px","left":"20px","right":"20px","linked":true}},"b6a9da5a132a1b76f66ef374aa22372c":"","disable_featured_image":"no","disable_share_box":"no","disable_header":"no","disable_footer":"no"},"aioseo_notices":[],"jetpack_sharing_enabled":true,"_links":{"self":[{"href":"https:\/\/wpd-drcongo.org\/en\/wp-json\/wp\/v2\/pages\/681","targetHints":{"allow":["GET"]}}],"collection":[{"href":"https:\/\/wpd-drcongo.org\/en\/wp-json\/wp\/v2\/pages"}],"about":[{"href":"https:\/\/wpd-drcongo.org\/en\/wp-json\/wp\/v2\/types\/page"}],"author":[{"embeddable":true,"href":"https:\/\/wpd-drcongo.org\/en\/wp-json\/wp\/v2\/users\/1"}],"replies":[{"embeddable":true,"href":"https:\/\/wpd-drcongo.org\/en\/wp-json\/wp\/v2\/comments?post=681"}],"version-history":[{"count":90,"href":"https:\/\/wpd-drcongo.org\/en\/wp-json\/wp\/v2\/pages\/681\/revisions"}],"predecessor-version":[{"id":1537,"href":"https:\/\/wpd-drcongo.org\/en\/wp-json\/wp\/v2\/pages\/681\/revisions\/1537"}],"wp:attachment":[{"href":"https:\/\/wpd-drcongo.org\/en\/wp-json\/wp\/v2\/media?parent=681"}],"curies":[{"name":"wp","href":"https:\/\/api.w.org\/{rel}","templated":true}]}}